{"id":15,"date":"2024-03-05T14:34:48","date_gmt":"2024-03-05T14:34:48","guid":{"rendered":"https:\/\/opinionpublica.com.ar\/index\/?page_id=15"},"modified":"2024-03-12T14:02:23","modified_gmt":"2024-03-12T14:02:23","slug":"tierra-del-fuego","status":"publish","type":"page","link":"https:\/\/opinionpublica.com.ar\/index\/tierra-del-fuego\/","title":{"rendered":"Tierra del Fuego"},"content":{"rendered":"\t\t<div data-elementor-type=\"wp-page\" data-elementor-id=\"15\" class=\"elementor elementor-15\">\n\t\t\t\t<div class=\"elementor-element elementor-element-9765c99 e-con-full e-flex e-con e-parent\" data-id=\"9765c99\" data-element_type=\"container\" data-e-type=\"container\">\n\t\t\t\t<div class=\"elementor-element elementor-element-63cf81f elespare-section-title-elespare-left elementor-widget elementor-widget-post-single-column\" data-id=\"63cf81f\" data-element_type=\"widget\" data-e-type=\"widget\" data-widget_type=\"post-single-column.default\">\n\t\t\t\t<div class=\"elementor-widget-container\">\n\t\t\t\t\t<div class=\"elespare-widget-title-section title-style-1 elespare-left\">\n\t\t\t\t<h2 class=\"elespare-widget-title\">\n\t\t\t\t\t<span class=\"elespare-section-title-before\"><\/span>\n\t\t\t\t\t<span class=\"elespare-section-title\">Noticias de Tierra del Fuego<\/span>\n\t\t\t\t\t<span class=\"elespare-section-title-after\"><\/span>\n\t\t\t\t<\/h2>\n\t\t\t<\/div>\n    <div class=\"elespare-single-list-wrap single-list-layout has-background  elespare-has-equal-height\">\n      <div class=\"elespare-posts-wrap elementor-grid single-list-style-1  elespare-image-zoom elespare-light elespare-layout-alternate\">\n                    <div class=\"elespare-posts-single-list-post-items\">\n\n              <div class=\"elespare-img-wrapper\">\n                \n      <a href=\"https:\/\/opinionpublica.com.ar\/index\/cierre-del-tesoro-regional-pone-en-riesgo-el-abastecimiento-de-efectivo\/\" aria-label=\"CIERRE DEL TESORO REGIONAL PONE EN RIESGO EL ABASTECIMIENTO DE EFECTIVO\">\n        <img loading=\"lazy\" width=\"300\" height=\"225\" src=\"https:\/\/opinionpublica.com.ar\/index\/wp-content\/uploads\/2026\/05\/banco-central-1203451-300x225.jpg\" class=\"attachment-medium size-medium wp-post-image\" alt=\"CIERRE DEL TESORO REGIONAL PONE EN RIESGO EL ABASTECIMIENTO DE EFECTIVO\" srcset=\"https:\/\/opinionpublica.com.ar\/index\/wp-content\/uploads\/2026\/05\/banco-central-1203451-300x225.jpg 300w, https:\/\/opinionpublica.com.ar\/index\/wp-content\/uploads\/2026\/05\/banco-central-1203451-1024x768.jpg 1024w, https:\/\/opinionpublica.com.ar\/index\/wp-content\/uploads\/2026\/05\/banco-central-1203451-768x576.jpg 768w, https:\/\/opinionpublica.com.ar\/index\/wp-content\/uploads\/2026\/05\/banco-central-1203451.jpg 1200w\" sizes=\"auto, (max-width: 300px) 100vw, 300px\" loading=\"lazy\" decoding=\"async\" \/>      <\/a>\n\n    \n                \n                  \n                                              <\/div>\n              <div class=\"elespare-content-wrapper\">\n                <ul class='elespare-cat-links solid'><li class=\"elespare-meta-category\">\n                      <a class=\"elespare-categories\" href=\"https:\/\/opinionpublica.com.ar\/index\/category\/tierra-del-fuego\/\" aria-label=\"View all posts in Tierra del Fuego category\">\n                      \n                        Tierra del Fuego\n                      <\/a>\n                  <\/li><\/ul>\n    <h3 class=\"elespare-post-title\">\n      <a href=\"https:\/\/opinionpublica.com.ar\/index\/cierre-del-tesoro-regional-pone-en-riesgo-el-abastecimiento-de-efectivo\/\"> <span>CIERRE DEL TESORO REGIONAL PONE EN RIESGO EL ABASTECIMIENTO DE EFECTIVO<\/span><\/a>\n    <\/h3>\n          <div class=\"elespare-metadata\">\n                  <span class=\"post-author\">\n            <a href=\"https:\/\/opinionpublica.com.ar\/index\/author\/hal\/\">\n                              <i class=\"demo-icon elespare-icons-user-circle-regular\" aria-hidden=\"true\"><\/i>\n              Hal            <\/a>\n          <\/span>\n                          <span class=\"elespare-posts-full-post-author\">\n            <a href=\"https:\/\/opinionpublica.com.ar\/index\/2026\/\">\n              <i class=\"demo-icon elespare-icons-clock-regular\" aria-hidden=\"true\"><\/i>\n              14 de mayo de 2026            <\/a>\n          <\/span>\n                          <span class=\"comment_count\">\n            <i class=\"demo-icon elespare-icons-comment-empty\" aria-hidden=\"true\"><\/i>\n            0          <\/span>\n              <\/div>\n\n    <div class=\"elespare-exceprt\">\n                <\/div>\n  \n              <\/div>\n            <\/div>\n                    <div class=\"elespare-posts-single-list-post-items\">\n\n              <div class=\"elespare-img-wrapper\">\n                \n      <a href=\"https:\/\/opinionpublica.com.ar\/index\/mochilero-de-60-anos-encontrado-con-principio-de-hipotermia-en-ruta-3\/\" aria-label=\"MOCHILERO DE 60 A\u00d1OS ENCONTRADO CON PRINCIPIO DE HIPOTERMIA EN RUTA 3\">\n        <img loading=\"lazy\" width=\"300\" height=\"190\" src=\"https:\/\/opinionpublica.com.ar\/index\/wp-content\/uploads\/2024\/06\/ruta-3-cortada-nieve-702x445-1-300x190.jpg\" class=\"attachment-medium size-medium wp-post-image\" alt=\"MOCHILERO DE 60 A\u00d1OS ENCONTRADO CON PRINCIPIO DE HIPOTERMIA EN RUTA 3\" srcset=\"https:\/\/opinionpublica.com.ar\/index\/wp-content\/uploads\/2024\/06\/ruta-3-cortada-nieve-702x445-1-300x190.jpg 300w, https:\/\/opinionpublica.com.ar\/index\/wp-content\/uploads\/2024\/06\/ruta-3-cortada-nieve-702x445-1.jpg 702w\" sizes=\"auto, (max-width: 300px) 100vw, 300px\" loading=\"lazy\" decoding=\"async\" \/>      <\/a>\n\n    \n                \n                  \n                                              <\/div>\n              <div class=\"elespare-content-wrapper\">\n                <ul class='elespare-cat-links solid'><li class=\"elespare-meta-category\">\n                      <a class=\"elespare-categories\" href=\"https:\/\/opinionpublica.com.ar\/index\/category\/tierra-del-fuego\/\" aria-label=\"View all posts in Tierra del Fuego category\">\n                      \n                        Tierra del Fuego\n                      <\/a>\n                  <\/li><\/ul>\n    <h3 class=\"elespare-post-title\">\n      <a href=\"https:\/\/opinionpublica.com.ar\/index\/mochilero-de-60-anos-encontrado-con-principio-de-hipotermia-en-ruta-3\/\"> <span>MOCHILERO DE 60 A\u00d1OS ENCONTRADO CON PRINCIPIO DE HIPOTERMIA EN RUTA 3<\/span><\/a>\n    <\/h3>\n          <div class=\"elespare-metadata\">\n                  <span class=\"post-author\">\n            <a href=\"https:\/\/opinionpublica.com.ar\/index\/author\/hal\/\">\n                              <i class=\"demo-icon elespare-icons-user-circle-regular\" aria-hidden=\"true\"><\/i>\n              Hal            <\/a>\n          <\/span>\n                          <span class=\"elespare-posts-full-post-author\">\n            <a href=\"https:\/\/opinionpublica.com.ar\/index\/2026\/\">\n              <i class=\"demo-icon elespare-icons-clock-regular\" aria-hidden=\"true\"><\/i>\n              14 de mayo de 2026            <\/a>\n          <\/span>\n                          <span class=\"comment_count\">\n            <i class=\"demo-icon elespare-icons-comment-empty\" aria-hidden=\"true\"><\/i>\n            0          <\/span>\n              <\/div>\n\n    <div class=\"elespare-exceprt\">\n                <\/div>\n  \n              <\/div>\n            <\/div>\n                    <div class=\"elespare-posts-single-list-post-items\">\n\n              <div class=\"elespare-img-wrapper\">\n                \n      <a href=\"https:\/\/opinionpublica.com.ar\/index\/la-jueza-electoral-evito-fijar-el-cronograma-y-le-paso-la-pelota-a-fiscalia\/\" aria-label=\"\u00a0LA JUEZA ELECTORAL EVIT\u00d3 FIJAR EL CRONOGRAMA Y LE PAS\u00d3 LA PELOTA A FISCAL\u00cdA\">\n        <img loading=\"lazy\" width=\"300\" height=\"199\" src=\"https:\/\/opinionpublica.com.ar\/index\/wp-content\/uploads\/2024\/08\/constitucion-tierra-del-fuego-1-300x199.jpg\" class=\"attachment-medium size-medium wp-post-image\" alt=\"\u00a0LA JUEZA ELECTORAL EVIT\u00d3 FIJAR EL CRONOGRAMA Y LE PAS\u00d3 LA PELOTA A FISCAL\u00cdA\" srcset=\"https:\/\/opinionpublica.com.ar\/index\/wp-content\/uploads\/2024\/08\/constitucion-tierra-del-fuego-1-300x199.jpg 300w, https:\/\/opinionpublica.com.ar\/index\/wp-content\/uploads\/2024\/08\/constitucion-tierra-del-fuego-1.jpg 730w\" sizes=\"auto, (max-width: 300px) 100vw, 300px\" loading=\"lazy\" decoding=\"async\" \/>      <\/a>\n\n    \n                \n                  \n                                              <\/div>\n              <div class=\"elespare-content-wrapper\">\n                <ul class='elespare-cat-links solid'><li class=\"elespare-meta-category\">\n                      <a class=\"elespare-categories\" href=\"https:\/\/opinionpublica.com.ar\/index\/category\/tierra-del-fuego\/\" aria-label=\"View all posts in Tierra del Fuego category\">\n                      \n                        Tierra del Fuego\n                      <\/a>\n                  <\/li><\/ul>\n    <h3 class=\"elespare-post-title\">\n      <a href=\"https:\/\/opinionpublica.com.ar\/index\/la-jueza-electoral-evito-fijar-el-cronograma-y-le-paso-la-pelota-a-fiscalia\/\"> <span>\u00a0LA JUEZA ELECTORAL EVIT\u00d3 FIJAR EL CRONOGRAMA Y LE PAS\u00d3 LA PELOTA A FISCAL\u00cdA<\/span><\/a>\n    <\/h3>\n          <div class=\"elespare-metadata\">\n                  <span class=\"post-author\">\n            <a href=\"https:\/\/opinionpublica.com.ar\/index\/author\/hal\/\">\n                              <i class=\"demo-icon elespare-icons-user-circle-regular\" aria-hidden=\"true\"><\/i>\n              Hal            <\/a>\n          <\/span>\n                          <span class=\"elespare-posts-full-post-author\">\n            <a href=\"https:\/\/opinionpublica.com.ar\/index\/2026\/\">\n              <i class=\"demo-icon elespare-icons-clock-regular\" aria-hidden=\"true\"><\/i>\n              13 de mayo de 2026            <\/a>\n          <\/span>\n                          <span class=\"comment_count\">\n            <i class=\"demo-icon elespare-icons-comment-empty\" aria-hidden=\"true\"><\/i>\n            0          <\/span>\n              <\/div>\n\n    <div class=\"elespare-exceprt\">\n                <\/div>\n  \n              <\/div>\n            <\/div>\n                    <div class=\"elespare-posts-single-list-post-items\">\n\n              <div class=\"elespare-img-wrapper\">\n                \n      <a href=\"https:\/\/opinionpublica.com.ar\/index\/proceso-de-desmantelemamiento-en-tierra-del-fuego\/\" aria-label=\"PROCESO DE DESMANTELEMAMIENTO EN TIERRA DEL FUEGO\">\n        <img loading=\"lazy\" width=\"300\" height=\"277\" src=\"https:\/\/opinionpublica.com.ar\/index\/wp-content\/uploads\/2024\/08\/gustavolopez-300x277.jpg\" class=\"attachment-medium size-medium wp-post-image\" alt=\"PROCESO DE DESMANTELEMAMIENTO EN TIERRA DEL FUEGO\" srcset=\"https:\/\/opinionpublica.com.ar\/index\/wp-content\/uploads\/2024\/08\/gustavolopez-300x277.jpg 300w, https:\/\/opinionpublica.com.ar\/index\/wp-content\/uploads\/2024\/08\/gustavolopez-768x710.jpg 768w, https:\/\/opinionpublica.com.ar\/index\/wp-content\/uploads\/2024\/08\/gustavolopez.jpg 1024w\" sizes=\"auto, (max-width: 300px) 100vw, 300px\" loading=\"lazy\" decoding=\"async\" \/>      <\/a>\n\n    \n                \n                  \n                                              <\/div>\n              <div class=\"elespare-content-wrapper\">\n                <ul class='elespare-cat-links solid'><li class=\"elespare-meta-category\">\n                      <a class=\"elespare-categories\" href=\"https:\/\/opinionpublica.com.ar\/index\/category\/tierra-del-fuego\/\" aria-label=\"View all posts in Tierra del Fuego category\">\n                      \n                        Tierra del Fuego\n                      <\/a>\n                  <\/li><\/ul>\n    <h3 class=\"elespare-post-title\">\n      <a href=\"https:\/\/opinionpublica.com.ar\/index\/proceso-de-desmantelemamiento-en-tierra-del-fuego\/\"> <span>PROCESO DE DESMANTELEMAMIENTO EN TIERRA DEL FUEGO<\/span><\/a>\n    <\/h3>\n          <div class=\"elespare-metadata\">\n                  <span class=\"post-author\">\n            <a href=\"https:\/\/opinionpublica.com.ar\/index\/author\/hal\/\">\n                              <i class=\"demo-icon elespare-icons-user-circle-regular\" aria-hidden=\"true\"><\/i>\n              Hal            <\/a>\n          <\/span>\n                          <span class=\"elespare-posts-full-post-author\">\n            <a href=\"https:\/\/opinionpublica.com.ar\/index\/2026\/\">\n              <i class=\"demo-icon elespare-icons-clock-regular\" aria-hidden=\"true\"><\/i>\n              13 de mayo de 2026            <\/a>\n          <\/span>\n                          <span class=\"comment_count\">\n            <i class=\"demo-icon elespare-icons-comment-empty\" aria-hidden=\"true\"><\/i>\n            0          <\/span>\n              <\/div>\n\n    <div class=\"elespare-exceprt\">\n                <\/div>\n  \n              <\/div>\n            <\/div>\n                    <div class=\"elespare-posts-single-list-post-items\">\n\n              <div class=\"elespare-img-wrapper\">\n                \n      <a href=\"https:\/\/opinionpublica.com.ar\/index\/comision-de-innovacion-se-reune-para-analizar-proyectos\/\" aria-label=\"COMISION DE INNOVACION SE REUNE PARA ANALIZAR PROYECTOS\">\n        <img loading=\"lazy\" width=\"300\" height=\"200\" src=\"https:\/\/opinionpublica.com.ar\/index\/wp-content\/uploads\/2024\/05\/victoriavuoto-1-300x200.jpg\" class=\"attachment-medium size-medium wp-post-image\" alt=\"COMISION DE INNOVACION SE REUNE PARA ANALIZAR PROYECTOS\" srcset=\"https:\/\/opinionpublica.com.ar\/index\/wp-content\/uploads\/2024\/05\/victoriavuoto-1-300x200.jpg 300w, https:\/\/opinionpublica.com.ar\/index\/wp-content\/uploads\/2024\/05\/victoriavuoto-1-1024x682.jpg 1024w, https:\/\/opinionpublica.com.ar\/index\/wp-content\/uploads\/2024\/05\/victoriavuoto-1-768x512.jpg 768w, https:\/\/opinionpublica.com.ar\/index\/wp-content\/uploads\/2024\/05\/victoriavuoto-1.jpg 1280w\" sizes=\"auto, (max-width: 300px) 100vw, 300px\" loading=\"lazy\" decoding=\"async\" \/>      <\/a>\n\n    \n                \n                  \n                                              <\/div>\n              <div class=\"elespare-content-wrapper\">\n                <ul class='elespare-cat-links solid'><li class=\"elespare-meta-category\">\n                      <a class=\"elespare-categories\" href=\"https:\/\/opinionpublica.com.ar\/index\/category\/tierra-del-fuego\/\" aria-label=\"View all posts in Tierra del Fuego category\">\n                      \n                        Tierra del Fuego\n                      <\/a>\n                  <\/li><\/ul>\n    <h3 class=\"elespare-post-title\">\n      <a href=\"https:\/\/opinionpublica.com.ar\/index\/comision-de-innovacion-se-reune-para-analizar-proyectos\/\"> <span>COMISION DE INNOVACION SE REUNE PARA ANALIZAR PROYECTOS<\/span><\/a>\n    <\/h3>\n          <div class=\"elespare-metadata\">\n                  <span class=\"post-author\">\n            <a href=\"https:\/\/opinionpublica.com.ar\/index\/author\/hal\/\">\n                              <i class=\"demo-icon elespare-icons-user-circle-regular\" aria-hidden=\"true\"><\/i>\n              Hal            <\/a>\n          <\/span>\n                          <span class=\"elespare-posts-full-post-author\">\n            <a href=\"https:\/\/opinionpublica.com.ar\/index\/2026\/\">\n              <i class=\"demo-icon elespare-icons-clock-regular\" aria-hidden=\"true\"><\/i>\n              12 de mayo de 2026            <\/a>\n          <\/span>\n                          <span class=\"comment_count\">\n            <i class=\"demo-icon elespare-icons-comment-empty\" aria-hidden=\"true\"><\/i>\n            0          <\/span>\n              <\/div>\n\n    <div class=\"elespare-exceprt\">\n                <\/div>\n  \n              <\/div>\n            <\/div>\n              <\/div>\n    <\/div>\n    \t\t\t\t<\/div>\n\t\t\t\t<\/div>\n\t\t\t\t<\/div>\n\t\t\t\t<\/div>\n\t\t","protected":false},"excerpt":{"rendered":"<p>Noticias de Tierra del Fuego Tierra del Fuego \u00daltimo momento: Gustavo Ventura se suma al PAR, arranca la<\/p>\n","protected":false},"author":2,"featured_media":0,"parent":0,"menu_order":0,"comment_status":"closed","ping_status":"closed","template":"","meta":{"footnotes":""},"class_list":["post-15","page","type-page","status-publish","hentry"],"_links":{"self":[{"href":"https:\/\/opinionpublica.com.ar\/index\/wp-json\/wp\/v2\/pages\/15","targetHints":{"allow":["GET"]}}],"collection":[{"href":"https:\/\/opinionpublica.com.ar\/index\/wp-json\/wp\/v2\/pages"}],"about":[{"href":"https:\/\/opinionpublica.com.ar\/index\/wp-json\/wp\/v2\/types\/page"}],"author":[{"embeddable":true,"href":"https:\/\/opinionpublica.com.ar\/index\/wp-json\/wp\/v2\/users\/2"}],"replies":[{"embeddable":true,"href":"https:\/\/opinionpublica.com.ar\/index\/wp-json\/wp\/v2\/comments?post=15"}],"version-history":[{"count":19,"href":"https:\/\/opinionpublica.com.ar\/index\/wp-json\/wp\/v2\/pages\/15\/revisions"}],"predecessor-version":[{"id":235,"href":"https:\/\/opinionpublica.com.ar\/index\/wp-json\/wp\/v2\/pages\/15\/revisions\/235"}],"wp:attachment":[{"href":"https:\/\/opinionpublica.com.ar\/index\/wp-json\/wp\/v2\/media?parent=15"}],"curies":[{"name":"wp","href":"https:\/\/api.w.org\/{rel}","templated":true}]}}