{"id":19,"date":"2024-03-05T14:36:13","date_gmt":"2024-03-05T14:36:13","guid":{"rendered":"https:\/\/opinionpublica.com.ar\/index\/?page_id=19"},"modified":"2024-03-12T18:00:24","modified_gmt":"2024-03-12T18:00:24","slug":"deportes","status":"publish","type":"page","link":"https:\/\/opinionpublica.com.ar\/index\/deportes\/","title":{"rendered":"Deportes"},"content":{"rendered":"\t\t<div data-elementor-type=\"wp-page\" data-elementor-id=\"19\" class=\"elementor elementor-19\">\n\t\t\t\t<div class=\"elementor-element elementor-element-13a80634 e-con-full e-flex e-con e-parent\" data-id=\"13a80634\" data-element_type=\"container\" data-e-type=\"container\">\n\t\t\t\t<div class=\"elementor-element elementor-element-1069648 elementor-widget elementor-widget-wp-widget-rss\" data-id=\"1069648\" data-element_type=\"widget\" data-e-type=\"widget\" data-widget_type=\"wp-widget-rss.default\">\n\t\t\t\t<div class=\"elementor-widget-container\">\n\t\t\t\t\t<h5><a class=\"rsswidget rss-widget-feed\" href=\"http:\/\/www.ole.com.ar\/rss\/futbol-primera\/\"><img decoding=\"async\" class=\"rss-widget-icon\" style=\"border:0\" width=\"14\" height=\"14\" src=\"https:\/\/opinionpublica.com.ar\/index\/wp-includes\/images\/rss.png\" alt=\"RSS\" \/><\/a> <a class=\"rsswidget rss-widget-title\" href=\"https:\/\/www.ole.com.ar\/futbol-primera\">Noticias Deportivas<\/a><\/h5><ul><li><a class='rsswidget' href='https:\/\/www.ole.com.ar\/futbol-primera\/tribunal-disciplina-afa-sanciones-jugadores-octavos-final_0_ku88aWYLku.html'>El Tribunal de Disciplina dio a conocer las sanciones a los jugadores expulsados en los octavos del Apertura<\/a> <span class=\"rss-date\">15 de mayo de 2026<\/span><div class=\"rssSummary\">A casi una semana de haberse jugado la primera ronda de playoffs, desde la AFA dieron a conocer los castigos a los jugadores que vieron la roja.<\/div><\/li><li><a class='rsswidget' href='https:\/\/www.ole.com.ar\/river-plate\/river-agustin-ruberto-mensajes-jugadores-plantel-fuerzas-lesion-rotura-ligramento_0_Ooe2WM5Jyj.html'>Los emotivos mensajes de los jugadores de River para el nuevo lesionado de gravedad del plantel<\/a> <span class=\"rss-date\">15 de mayo de 2026<\/span><div class=\"rssSummary\">Referentes y j\u00f3venes le escribieron por redes a Agust\u00edn Ruberto luego de conocerse la noticia de su lesi\u00f3n ligamentaria en la rodilla.<\/div><\/li><li><a class='rsswidget' href='https:\/\/www.ole.com.ar\/san-lorenzo\/san-lorenzo-gustavo-alvarez-santos_0_setTKKy3AF.html'>La inc\u00f3gnita que mantiene San Lorenzo para visitar al Santos de Neymar<\/a> <span class=\"rss-date\">14 de mayo de 2026<\/span><div class=\"rssSummary\">Alexis Cuello vuelve a estar a disposici\u00f3n de Gustavo \u00c1lvarez y el entrenador debe definir qui\u00e9n sale para enfrentarse al Peixe por la quinta fecha de la Copa Sudamericana.<\/div><\/li><li><a class='rsswidget' href='https:\/\/www.ole.com.ar\/independiente\/independiente-reunion-dirigencia-gustavo-quinteros-rojo-futuro-tecnico_0_nHvNDQCBAD.html'>Reuni\u00f3n clave por el futuro de Independiente: Quinteros se juntar\u00e1 con la dirigencia<\/a> <span class=\"rss-date\">14 de mayo de 2026<\/span><div class=\"rssSummary\">El entrenador del Rojo se juntar\u00e1 este viernes con los directivos y su idea es seguir en el club, aunque el rearmado del plantel es un factor importante a considerar.<\/div><\/li><li><a class='rsswidget' href='https:\/\/www.ole.com.ar\/river-plate\/river-montiel-acuna-semifinal-central-coudet_0_dtuvLjUAYw.html'>Atento River: as\u00ed se entrenaron Acu\u00f1a y Montiel a horas de la semi ante Central<\/a> <span class=\"rss-date\">14 de mayo de 2026<\/span><div class=\"rssSummary\">Entre algodones y con la mira en el Mundial, \u00bfllegar\u00e1n Montiel y Acu\u00f1a a la semi ante Central? La decisi\u00f3n final, en manos de Coudet antes de salir a la cancha este s\u00e1bado.<\/div><\/li><li><a class='rsswidget' href='https:\/\/www.ole.com.ar\/gimnasia-y-esgrima\/ariel-pereyra-gimnasia-dt-julio-vaccari-reunion_0_mbGNOseCh3.html'>C\u00f3nclave en Gimnasia: se define el futuro del entrenador<\/a> <span class=\"rss-date\">14 de mayo de 2026<\/span><div class=\"rssSummary\">Luego de la eliminaci\u00f3n ante River, el Lobo ya piensa en el Torneo Clausura y la CD confirmar\u00eda la continuidad o no de Ariel Pereyra como DT.<\/div><\/li><li><a class='rsswidget' href='https:\/\/www.ole.com.ar\/belgrano\/belgrano-rigoni-semifinales-torneo-apertura_0_JOLehSkRHl.html'>Emiliano Rigoni en la previa vs. Argentinos: &quot;Belgrano est\u00e1 en un momento muy lindo&quot;<\/a> <span class=\"rss-date\">14 de mayo de 2026<\/span><div class=\"rssSummary\">El volante, surgido de las Inferiores del Pirata y de reciente regreso, habl\u00f3 despu\u00e9s del primer entrenamiento del Celeste de cara a las semifinales con Argentinos Juniors. Enterate de todo lo que dijo.<\/div><\/li><li><a class='rsswidget' href='https:\/\/www.ole.com.ar\/independiente\/independiente-rojo-gabriel-avalos-contrato-venta-mundial_0_8SKLrksC63.html'>El futuro incierto de Gabriel \u00c1valos en Independiente: \u00bfse queda o se va?<\/a> <span class=\"rss-date\">14 de mayo de 2026<\/span><div class=\"rssSummary\">El goleador tiene contrato hasta el 31 de diciembre. Va a jugar el Mundial con Paraguay y, cuando vuelva, el club de Avellaneda evaluar\u00e1 ofertas.<\/div><\/li><li><a class='rsswidget' href='https:\/\/www.ole.com.ar\/river-plate\/tobias-ramirez-operado-recuperacion-vuelve_0_ZemJ7ErIB8.html'>Tob\u00edas Ram\u00edrez fue operado con \u00e9xito: cu\u00e1nto tiempo tiene de recuperaci\u00f3n y cu\u00e1ndo volver\u00eda a estar disponible<\/a> <span class=\"rss-date\">14 de mayo de 2026<\/span><div class=\"rssSummary\">El zaguero se someti\u00f3 a una cirug\u00eda en su rodilla derecha por lo que comenzar\u00e1 con el proceso de rehabilitaci\u00f3n.<\/div><\/li><li><a class='rsswidget' href='https:\/\/www.ole.com.ar\/futbol-primera\/pitos-semis-arbitro-fierro-caliente-river-central_0_twO9AMEolu.html'>Los pitos para las semis: \u00e1rbitro de fierro caliente para River - Central<\/a> <span class=\"rss-date\">14 de mayo de 2026<\/span><div class=\"rssSummary\">Tras las fuertes pol\u00e9micas arbitrales en los cuartos de final, la AFA design\u00f3 el cuerpo arbitral para las semifinales del Torneo Apertura.<\/div><\/li><\/ul>\t\t\t\t<\/div>\n\t\t\t\t<\/div>\n\t\t\t\t<\/div>\n\t\t<div class=\"elementor-element elementor-element-be1e17e e-flex e-con-boxed e-con e-parent\" data-id=\"be1e17e\" data-element_type=\"container\" data-e-type=\"container\">\n\t\t\t\t\t<div class=\"e-con-inner\">\n\t\t\t\t\t<\/div>\n\t\t\t\t<\/div>\n\t\t\t\t<\/div>\n\t\t","protected":false},"excerpt":{"rendered":"","protected":false},"author":2,"featured_media":0,"parent":0,"menu_order":0,"comment_status":"closed","ping_status":"closed","template":"","meta":{"footnotes":""},"class_list":["post-19","page","type-page","status-publish","hentry"],"_links":{"self":[{"href":"https:\/\/opinionpublica.com.ar\/index\/wp-json\/wp\/v2\/pages\/19","targetHints":{"allow":["GET"]}}],"collection":[{"href":"https:\/\/opinionpublica.com.ar\/index\/wp-json\/wp\/v2\/pages"}],"about":[{"href":"https:\/\/opinionpublica.com.ar\/index\/wp-json\/wp\/v2\/types\/page"}],"author":[{"embeddable":true,"href":"https:\/\/opinionpublica.com.ar\/index\/wp-json\/wp\/v2\/users\/2"}],"replies":[{"embeddable":true,"href":"https:\/\/opinionpublica.com.ar\/index\/wp-json\/wp\/v2\/comments?post=19"}],"version-history":[{"count":10,"href":"https:\/\/opinionpublica.com.ar\/index\/wp-json\/wp\/v2\/pages\/19\/revisions"}],"predecessor-version":[{"id":9505,"href":"https:\/\/opinionpublica.com.ar\/index\/wp-json\/wp\/v2\/pages\/19\/revisions\/9505"}],"wp:attachment":[{"href":"https:\/\/opinionpublica.com.ar\/index\/wp-json\/wp\/v2\/media?parent=19"}],"curies":[{"name":"wp","href":"https:\/\/api.w.org\/{rel}","templated":true}]}}